{"id":11915,"date":"2024-10-02T15:19:09","date_gmt":"2024-10-02T13:19:09","guid":{"rendered":"https:\/\/nutridream.eu\/pineapple-nutrifiber-complex\/"},"modified":"2025-06-12T04:08:36","modified_gmt":"2025-06-12T02:08:36","slug":"pineapple-nutrifiber-complex","status":"publish","type":"product","link":"https:\/\/nutridream.eu\/en\/toode\/pineapple-nutrifiber-complex\/","title":{"rendered":"Pineapple NutriFiber Complex"},"content":{"rendered":"","protected":false},"excerpt":{"rendered":"<p>A fiber-rich and tasty powder for your digestive system.<\/p>\n<ul>\n<li><strong>Chicory inulin<\/strong>\u00a0contributes to normal bowel function by increasing stool frequency. The beneficial effect is obtained with a daily intake of 12 g chicory inulin (= 2 tablespoons of fiber complex per day).<\/li>\n<li class=\"translation-block\">Psyllium husk and flaxseed hulls are rich in fiber.<\/li>\n<li>High fibre \u2013 daily amount of powder contains 15 g of fiber<\/li>\n<li><strong>Helps to boost your digestion system<\/strong><\/li>\n<li><strong>Benefial for those who want to increase their fiber intake and\/or lose weight<\/strong><\/li>\n<li>Pineapple taste<\/li>\n<li>With no added sugar<\/li>\n<li>Without added preservatives.<\/li>\n<\/ul>\n","protected":false},"featured_media":11574,"comment_status":"open","ping_status":"closed","template":"","meta":{"_acf_changed":false,"_monsterinsights_skip_tracking":false,"_monsterinsights_sitenote_active":false,"_monsterinsights_sitenote_note":"","_monsterinsights_sitenote_category":0},"product_brand":[],"product_cat":[153,152],"product_tag":[172,169],"class_list":{"0":"post-11915","1":"product","2":"type-product","3":"status-publish","4":"has-post-thumbnail","6":"product_cat-kiudaine-kompleks-en","7":"product_cat-kaalulangetus-en","8":"product_tag-nutrifiber-en","9":"product_tag-kaalulangetus-en","11":"first","12":"instock","13":"taxable","14":"shipping-taxable","15":"purchasable","16":"product-type-simple"},"bundled_by":["11927"],"bundle_stock_status":"instock","bundle_stock_quantity":null,"bundle_virtual":false,"bundle_layout":"","bundle_add_to_cart_form_location":"","bundle_editable_in_cart":false,"bundle_sold_individually_context":"","bundle_item_grouping":"","bundle_min_size":"","bundle_max_size":"","bundle_price":[],"bundled_items":[],"bundle_sell_ids":[],"acf":[],"yoast_head":"<!-- This site is optimized with the Yoast SEO plugin v27.2 - https:\/\/yoast.com\/product\/yoast-seo-wordpress\/ -->\n<title>Pineapple NutriFiber Complex - NutriDream<\/title>\n<meta name=\"description\" content=\"Toidulisand Sinu naha, juuste, limaskestade, makrotoitainete ainevahetuse, n\u00e4rvis\u00fcsteemi talitluse ja energiavahetuse jaoks! Sisaldab 60 tabletti (j\u00e4tkub 2 kuuks)\" \/>\n<meta name=\"robots\" content=\"index, follow, max-snippet:-1, max-image-preview:large, max-video-preview:-1\" \/>\n<link rel=\"canonical\" href=\"https:\/\/nutridream.eu\/en\/toode\/pineapple-nutrifiber-complex\/\" \/>\n<meta property=\"og:locale\" content=\"en_US\" \/>\n<meta property=\"og:type\" content=\"article\" \/>\n<meta property=\"og:title\" content=\"Pineapple NutriFiber Complex - NutriDream\" \/>\n<meta property=\"og:description\" content=\"Toidulisand Sinu naha, juuste, limaskestade, makrotoitainete ainevahetuse, n\u00e4rvis\u00fcsteemi talitluse ja energiavahetuse jaoks! Sisaldab 60 tabletti (j\u00e4tkub 2 kuuks)\" \/>\n<meta property=\"og:url\" content=\"https:\/\/nutridream.eu\/en\/toode\/pineapple-nutrifiber-complex\/\" \/>\n<meta property=\"og:site_name\" content=\"NutriDream\" \/>\n<meta property=\"article:publisher\" content=\"https:\/\/www.facebook.com\/NutriDream\" \/>\n<meta property=\"article:modified_time\" content=\"2025-06-12T02:08:36+00:00\" \/>\n<meta property=\"og:image\" content=\"https:\/\/nutridream.eu\/wp-content\/uploads\/2024\/10\/nutrifiber-complex_pineapple_simulatsioon.png\" \/>\n\t<meta property=\"og:image:width\" content=\"1920\" \/>\n\t<meta property=\"og:image:height\" content=\"1920\" \/>\n\t<meta property=\"og:image:type\" content=\"image\/png\" \/>\n<meta name=\"twitter:card\" content=\"summary_large_image\" \/>\n<script type=\"application\/ld+json\" class=\"yoast-schema-graph\">{\"@context\":\"https:\/\/schema.org\",\"@graph\":[{\"@type\":\"WebPage\",\"@id\":\"https:\/\/nutridream.eu\/en\/toode\/pineapple-nutrifiber-complex\/\",\"url\":\"https:\/\/nutridream.eu\/en\/toode\/pineapple-nutrifiber-complex\/\",\"name\":\"Pineapple NutriFiber Complex - NutriDream\",\"isPartOf\":{\"@id\":\"https:\/\/nutridream.eu\/en\/#website\"},\"primaryImageOfPage\":{\"@id\":\"https:\/\/nutridream.eu\/en\/toode\/pineapple-nutrifiber-complex\/#primaryimage\"},\"image\":{\"@id\":\"https:\/\/nutridream.eu\/en\/toode\/pineapple-nutrifiber-complex\/#primaryimage\"},\"thumbnailUrl\":\"https:\/\/nutridream.eu\/wp-content\/uploads\/2024\/10\/nutrifiber-complex_pineapple_simulatsioon.png\",\"datePublished\":\"2024-10-02T13:19:09+00:00\",\"dateModified\":\"2025-06-12T02:08:36+00:00\",\"description\":\"Toidulisand Sinu naha, juuste, limaskestade, makrotoitainete ainevahetuse, n\u00e4rvis\u00fcsteemi talitluse ja energiavahetuse jaoks! Sisaldab 60 tabletti (j\u00e4tkub 2 kuuks)\",\"breadcrumb\":{\"@id\":\"https:\/\/nutridream.eu\/en\/toode\/pineapple-nutrifiber-complex\/#breadcrumb\"},\"inLanguage\":\"en-US\",\"potentialAction\":[{\"@type\":\"ReadAction\",\"target\":[\"https:\/\/nutridream.eu\/en\/toode\/pineapple-nutrifiber-complex\/\"]}]},{\"@type\":\"ImageObject\",\"inLanguage\":\"en-US\",\"@id\":\"https:\/\/nutridream.eu\/en\/toode\/pineapple-nutrifiber-complex\/#primaryimage\",\"url\":\"https:\/\/nutridream.eu\/wp-content\/uploads\/2024\/10\/nutrifiber-complex_pineapple_simulatsioon.png\",\"contentUrl\":\"https:\/\/nutridream.eu\/wp-content\/uploads\/2024\/10\/nutrifiber-complex_pineapple_simulatsioon.png\",\"width\":1920,\"height\":1920},{\"@type\":\"BreadcrumbList\",\"@id\":\"https:\/\/nutridream.eu\/en\/toode\/pineapple-nutrifiber-complex\/#breadcrumb\",\"itemListElement\":[{\"@type\":\"ListItem\",\"position\":1,\"name\":\"Home\",\"item\":\"https:\/\/nutridream.eu\/en\/\"},{\"@type\":\"ListItem\",\"position\":2,\"name\":\"Products\",\"item\":\"https:\/\/nutridream.eu\/en\/shop\/\"},{\"@type\":\"ListItem\",\"position\":3,\"name\":\"Pineapple NutriFiber Complex\"}]},{\"@type\":\"WebSite\",\"@id\":\"https:\/\/nutridream.eu\/en\/#website\",\"url\":\"https:\/\/nutridream.eu\/en\/\",\"name\":\"NutriDream\",\"description\":\"\",\"publisher\":{\"@id\":\"https:\/\/nutridream.eu\/en\/#organization\"},\"potentialAction\":[{\"@type\":\"SearchAction\",\"target\":{\"@type\":\"EntryPoint\",\"urlTemplate\":\"https:\/\/nutridream.eu\/en\/?s={search_term_string}\"},\"query-input\":{\"@type\":\"PropertyValueSpecification\",\"valueRequired\":true,\"valueName\":\"search_term_string\"}}],\"inLanguage\":\"en-US\"},{\"@type\":\"Organization\",\"@id\":\"https:\/\/nutridream.eu\/en\/#organization\",\"name\":\"Nutridream O\u00dc\",\"url\":\"https:\/\/nutridream.eu\/en\/\",\"logo\":{\"@type\":\"ImageObject\",\"inLanguage\":\"en-US\",\"@id\":\"https:\/\/nutridream.eu\/en\/#\/schema\/logo\/image\/\",\"url\":\"https:\/\/nutridream.eu\/wp-content\/uploads\/2020\/08\/nutridreamlogo.png\",\"contentUrl\":\"https:\/\/nutridream.eu\/wp-content\/uploads\/2020\/08\/nutridreamlogo.png\",\"width\":1224,\"height\":797,\"caption\":\"Nutridream O\u00dc\"},\"image\":{\"@id\":\"https:\/\/nutridream.eu\/en\/#\/schema\/logo\/image\/\"},\"sameAs\":[\"https:\/\/www.facebook.com\/NutriDream\"]}]}<\/script>\n<!-- \/ Yoast SEO plugin. -->","yoast_head_json":{"title":"Pineapple NutriFiber Complex - NutriDream","description":"Toidulisand Sinu naha, juuste, limaskestade, makrotoitainete ainevahetuse, n\u00e4rvis\u00fcsteemi talitluse ja energiavahetuse jaoks! Sisaldab 60 tabletti (j\u00e4tkub 2 kuuks)","robots":{"index":"index","follow":"follow","max-snippet":"max-snippet:-1","max-image-preview":"max-image-preview:large","max-video-preview":"max-video-preview:-1"},"canonical":"https:\/\/nutridream.eu\/en\/toode\/pineapple-nutrifiber-complex\/","og_locale":"en_US","og_type":"article","og_title":"Pineapple NutriFiber Complex - NutriDream","og_description":"Toidulisand Sinu naha, juuste, limaskestade, makrotoitainete ainevahetuse, n\u00e4rvis\u00fcsteemi talitluse ja energiavahetuse jaoks! Sisaldab 60 tabletti (j\u00e4tkub 2 kuuks)","og_url":"https:\/\/nutridream.eu\/en\/toode\/pineapple-nutrifiber-complex\/","og_site_name":"NutriDream","article_publisher":"https:\/\/www.facebook.com\/NutriDream","article_modified_time":"2025-06-12T02:08:36+00:00","og_image":[{"width":1920,"height":1920,"url":"https:\/\/nutridream.eu\/wp-content\/uploads\/2024\/10\/nutrifiber-complex_pineapple_simulatsioon.png","type":"image\/png"}],"twitter_card":"summary_large_image","schema":{"@context":"https:\/\/schema.org","@graph":[{"@type":"WebPage","@id":"https:\/\/nutridream.eu\/en\/toode\/pineapple-nutrifiber-complex\/","url":"https:\/\/nutridream.eu\/en\/toode\/pineapple-nutrifiber-complex\/","name":"Pineapple NutriFiber Complex - NutriDream","isPartOf":{"@id":"https:\/\/nutridream.eu\/en\/#website"},"primaryImageOfPage":{"@id":"https:\/\/nutridream.eu\/en\/toode\/pineapple-nutrifiber-complex\/#primaryimage"},"image":{"@id":"https:\/\/nutridream.eu\/en\/toode\/pineapple-nutrifiber-complex\/#primaryimage"},"thumbnailUrl":"https:\/\/nutridream.eu\/wp-content\/uploads\/2024\/10\/nutrifiber-complex_pineapple_simulatsioon.png","datePublished":"2024-10-02T13:19:09+00:00","dateModified":"2025-06-12T02:08:36+00:00","description":"Toidulisand Sinu naha, juuste, limaskestade, makrotoitainete ainevahetuse, n\u00e4rvis\u00fcsteemi talitluse ja energiavahetuse jaoks! Sisaldab 60 tabletti (j\u00e4tkub 2 kuuks)","breadcrumb":{"@id":"https:\/\/nutridream.eu\/en\/toode\/pineapple-nutrifiber-complex\/#breadcrumb"},"inLanguage":"en-US","potentialAction":[{"@type":"ReadAction","target":["https:\/\/nutridream.eu\/en\/toode\/pineapple-nutrifiber-complex\/"]}]},{"@type":"ImageObject","inLanguage":"en-US","@id":"https:\/\/nutridream.eu\/en\/toode\/pineapple-nutrifiber-complex\/#primaryimage","url":"https:\/\/nutridream.eu\/wp-content\/uploads\/2024\/10\/nutrifiber-complex_pineapple_simulatsioon.png","contentUrl":"https:\/\/nutridream.eu\/wp-content\/uploads\/2024\/10\/nutrifiber-complex_pineapple_simulatsioon.png","width":1920,"height":1920},{"@type":"BreadcrumbList","@id":"https:\/\/nutridream.eu\/en\/toode\/pineapple-nutrifiber-complex\/#breadcrumb","itemListElement":[{"@type":"ListItem","position":1,"name":"Home","item":"https:\/\/nutridream.eu\/en\/"},{"@type":"ListItem","position":2,"name":"Products","item":"https:\/\/nutridream.eu\/en\/shop\/"},{"@type":"ListItem","position":3,"name":"Pineapple NutriFiber Complex"}]},{"@type":"WebSite","@id":"https:\/\/nutridream.eu\/en\/#website","url":"https:\/\/nutridream.eu\/en\/","name":"NutriDream","description":"","publisher":{"@id":"https:\/\/nutridream.eu\/en\/#organization"},"potentialAction":[{"@type":"SearchAction","target":{"@type":"EntryPoint","urlTemplate":"https:\/\/nutridream.eu\/en\/?s={search_term_string}"},"query-input":{"@type":"PropertyValueSpecification","valueRequired":true,"valueName":"search_term_string"}}],"inLanguage":"en-US"},{"@type":"Organization","@id":"https:\/\/nutridream.eu\/en\/#organization","name":"Nutridream O\u00dc","url":"https:\/\/nutridream.eu\/en\/","logo":{"@type":"ImageObject","inLanguage":"en-US","@id":"https:\/\/nutridream.eu\/en\/#\/schema\/logo\/image\/","url":"https:\/\/nutridream.eu\/wp-content\/uploads\/2020\/08\/nutridreamlogo.png","contentUrl":"https:\/\/nutridream.eu\/wp-content\/uploads\/2020\/08\/nutridreamlogo.png","width":1224,"height":797,"caption":"Nutridream O\u00dc"},"image":{"@id":"https:\/\/nutridream.eu\/en\/#\/schema\/logo\/image\/"},"sameAs":["https:\/\/www.facebook.com\/NutriDream"]}]}},"_links":{"self":[{"href":"https:\/\/nutridream.eu\/en\/wp-json\/wp\/v2\/product\/11915","targetHints":{"allow":["GET"]}}],"collection":[{"href":"https:\/\/nutridream.eu\/en\/wp-json\/wp\/v2\/product"}],"about":[{"href":"https:\/\/nutridream.eu\/en\/wp-json\/wp\/v2\/types\/product"}],"replies":[{"embeddable":true,"href":"https:\/\/nutridream.eu\/en\/wp-json\/wp\/v2\/comments?post=11915"}],"wp:featuredmedia":[{"embeddable":true,"href":"https:\/\/nutridream.eu\/en\/wp-json\/wp\/v2\/media\/11574"}],"wp:attachment":[{"href":"https:\/\/nutridream.eu\/en\/wp-json\/wp\/v2\/media?parent=11915"}],"wp:term":[{"taxonomy":"product_brand","embeddable":true,"href":"https:\/\/nutridream.eu\/en\/wp-json\/wp\/v2\/product_brand?post=11915"},{"taxonomy":"product_cat","embeddable":true,"href":"https:\/\/nutridream.eu\/en\/wp-json\/wp\/v2\/product_cat?post=11915"},{"taxonomy":"product_tag","embeddable":true,"href":"https:\/\/nutridream.eu\/en\/wp-json\/wp\/v2\/product_tag?post=11915"}],"curies":[{"name":"wp","href":"https:\/\/api.w.org\/{rel}","templated":true}]}}