{"id":11912,"date":"2024-08-12T16:14:27","date_gmt":"2024-08-12T14:14:27","guid":{"rendered":"https:\/\/nutridream.eu\/weight-loss-combo\/"},"modified":"2025-06-12T04:15:23","modified_gmt":"2025-06-12T02:15:23","slug":"weight-loss-combo","status":"publish","type":"product","link":"https:\/\/nutridream.eu\/en\/toode\/weight-loss-combo\/","title":{"rendered":"Weight loss combo"},"content":{"rendered":"","protected":false},"excerpt":{"rendered":"<p>It is important to increase fiber intake for weight loss. The weight loss combo is the perfect choice for those who want to speed up their metabolism and feel full.<\/p>\n<p><strong>Combo includes:<\/strong><\/p>\n<ul>\n<li>NutriSlim capsules<\/li>\n<li>Be Slim superfood powder<\/li>\n<\/ul>\n","protected":false},"featured_media":11570,"comment_status":"open","ping_status":"closed","template":"","meta":{"_acf_changed":false,"_monsterinsights_skip_tracking":false,"_monsterinsights_sitenote_active":false,"_monsterinsights_sitenote_note":"","_monsterinsights_sitenote_category":0},"product_brand":[],"product_cat":[154,152],"product_tag":[170],"class_list":{"0":"post-11912","1":"product","2":"type-product","3":"status-publish","4":"has-post-thumbnail","6":"product_cat-kombod-en","7":"product_cat-kaalulangetus-en","8":"product_tag-kombo-en","10":"first","11":"instock","12":"taxable","13":"shipping-taxable","14":"purchasable","15":"product-type-bundle"},"bundled_by":[],"bundle_stock_status":"instock","bundle_stock_quantity":"","bundle_virtual":false,"bundle_layout":"default","bundle_add_to_cart_form_location":"default","bundle_editable_in_cart":false,"bundle_sold_individually_context":"product","bundle_item_grouping":"parent","bundle_min_size":"","bundle_max_size":"","bundle_price":{"price":{"min":{"incl_tax":"36.41","excl_tax":"29.362903"},"max":{"incl_tax":"36.41","excl_tax":"29.362903"}},"regular_price":{"min":{"incl_tax":"36.41","excl_tax":"29.362903"},"max":{"incl_tax":"36.41","excl_tax":"29.362903"}}},"bundled_items":[{"bundled_item_id":17,"product_id":11909,"menu_order":0,"quantity_min":1,"quantity_max":1,"quantity_default":1,"priced_individually":false,"shipped_individually":false,"override_title":false,"title":"Nutrislim, weight loss vegan capsules","override_description":false,"description":"Nutrislim, weight loss vegan capsules","optional":false,"hide_thumbnail":false,"discount":"","override_variations":false,"allowed_variations":[""],"override_default_variation_attributes":false,"default_variation_attributes":[],"single_product_visibility":"hidden","cart_visibility":"hidden","order_visibility":"hidden","single_product_price_visibility":"visible","cart_price_visibility":"visible","order_price_visibility":"visible","stock_status":"in_stock"}],"bundle_sell_ids":[],"acf":[],"yoast_head":"<!-- This site is optimized with the Yoast SEO plugin v27.2 - https:\/\/yoast.com\/product\/yoast-seo-wordpress\/ -->\n<title>Weight loss combo - NutriDream<\/title>\n<meta name=\"description\" content=\"Toidulisand gl\u00fckomannaaniga ja Be More supertoidupulbriga, mis aitab tekitada t\u00e4isk\u00f5hutunnet ja kiirendada ainevahetust. Parim lahendus kaalulangetuseks.\" \/>\n<meta name=\"robots\" content=\"index, follow, max-snippet:-1, max-image-preview:large, max-video-preview:-1\" \/>\n<link rel=\"canonical\" href=\"https:\/\/nutridream.eu\/en\/toode\/weight-loss-combo\/\" \/>\n<meta property=\"og:locale\" content=\"en_US\" \/>\n<meta property=\"og:type\" content=\"article\" \/>\n<meta property=\"og:title\" content=\"Weight loss combo - NutriDream\" \/>\n<meta property=\"og:description\" content=\"Toidulisand gl\u00fckomannaaniga ja Be More supertoidupulbriga, mis aitab tekitada t\u00e4isk\u00f5hutunnet ja kiirendada ainevahetust. Parim lahendus kaalulangetuseks.\" \/>\n<meta property=\"og:url\" content=\"https:\/\/nutridream.eu\/en\/toode\/weight-loss-combo\/\" \/>\n<meta property=\"og:site_name\" content=\"NutriDream\" \/>\n<meta property=\"article:publisher\" content=\"https:\/\/www.facebook.com\/NutriDream\" \/>\n<meta property=\"article:modified_time\" content=\"2025-06-12T02:15:23+00:00\" \/>\n<meta property=\"og:image\" content=\"https:\/\/nutridream.eu\/wp-content\/uploads\/2024\/08\/beslimnutrislim_simulatsioon.png\" \/>\n\t<meta property=\"og:image:width\" content=\"1920\" \/>\n\t<meta property=\"og:image:height\" content=\"1920\" \/>\n\t<meta property=\"og:image:type\" content=\"image\/png\" \/>\n<meta name=\"twitter:card\" content=\"summary_large_image\" \/>\n<script type=\"application\/ld+json\" class=\"yoast-schema-graph\">{\"@context\":\"https:\/\/schema.org\",\"@graph\":[{\"@type\":\"WebPage\",\"@id\":\"https:\/\/nutridream.eu\/en\/toode\/weight-loss-combo\/\",\"url\":\"https:\/\/nutridream.eu\/en\/toode\/weight-loss-combo\/\",\"name\":\"Weight loss combo - NutriDream\",\"isPartOf\":{\"@id\":\"https:\/\/nutridream.eu\/en\/#website\"},\"primaryImageOfPage\":{\"@id\":\"https:\/\/nutridream.eu\/en\/toode\/weight-loss-combo\/#primaryimage\"},\"image\":{\"@id\":\"https:\/\/nutridream.eu\/en\/toode\/weight-loss-combo\/#primaryimage\"},\"thumbnailUrl\":\"https:\/\/nutridream.eu\/wp-content\/uploads\/2024\/08\/beslimnutrislim_simulatsioon.png\",\"datePublished\":\"2024-08-12T14:14:27+00:00\",\"dateModified\":\"2025-06-12T02:15:23+00:00\",\"description\":\"Toidulisand gl\u00fckomannaaniga ja Be More supertoidupulbriga, mis aitab tekitada t\u00e4isk\u00f5hutunnet ja kiirendada ainevahetust. Parim lahendus kaalulangetuseks.\",\"breadcrumb\":{\"@id\":\"https:\/\/nutridream.eu\/en\/toode\/weight-loss-combo\/#breadcrumb\"},\"inLanguage\":\"en-US\",\"potentialAction\":[{\"@type\":\"ReadAction\",\"target\":[\"https:\/\/nutridream.eu\/en\/toode\/weight-loss-combo\/\"]}]},{\"@type\":\"ImageObject\",\"inLanguage\":\"en-US\",\"@id\":\"https:\/\/nutridream.eu\/en\/toode\/weight-loss-combo\/#primaryimage\",\"url\":\"https:\/\/nutridream.eu\/wp-content\/uploads\/2024\/08\/beslimnutrislim_simulatsioon.png\",\"contentUrl\":\"https:\/\/nutridream.eu\/wp-content\/uploads\/2024\/08\/beslimnutrislim_simulatsioon.png\",\"width\":1920,\"height\":1920},{\"@type\":\"BreadcrumbList\",\"@id\":\"https:\/\/nutridream.eu\/en\/toode\/weight-loss-combo\/#breadcrumb\",\"itemListElement\":[{\"@type\":\"ListItem\",\"position\":1,\"name\":\"Home\",\"item\":\"https:\/\/nutridream.eu\/en\/\"},{\"@type\":\"ListItem\",\"position\":2,\"name\":\"Products\",\"item\":\"https:\/\/nutridream.eu\/en\/shop\/\"},{\"@type\":\"ListItem\",\"position\":3,\"name\":\"Weight loss combo\"}]},{\"@type\":\"WebSite\",\"@id\":\"https:\/\/nutridream.eu\/en\/#website\",\"url\":\"https:\/\/nutridream.eu\/en\/\",\"name\":\"NutriDream\",\"description\":\"\",\"publisher\":{\"@id\":\"https:\/\/nutridream.eu\/en\/#organization\"},\"potentialAction\":[{\"@type\":\"SearchAction\",\"target\":{\"@type\":\"EntryPoint\",\"urlTemplate\":\"https:\/\/nutridream.eu\/en\/?s={search_term_string}\"},\"query-input\":{\"@type\":\"PropertyValueSpecification\",\"valueRequired\":true,\"valueName\":\"search_term_string\"}}],\"inLanguage\":\"en-US\"},{\"@type\":\"Organization\",\"@id\":\"https:\/\/nutridream.eu\/en\/#organization\",\"name\":\"Nutridream O\u00dc\",\"url\":\"https:\/\/nutridream.eu\/en\/\",\"logo\":{\"@type\":\"ImageObject\",\"inLanguage\":\"en-US\",\"@id\":\"https:\/\/nutridream.eu\/en\/#\/schema\/logo\/image\/\",\"url\":\"https:\/\/nutridream.eu\/wp-content\/uploads\/2020\/08\/nutridreamlogo.png\",\"contentUrl\":\"https:\/\/nutridream.eu\/wp-content\/uploads\/2020\/08\/nutridreamlogo.png\",\"width\":1224,\"height\":797,\"caption\":\"Nutridream O\u00dc\"},\"image\":{\"@id\":\"https:\/\/nutridream.eu\/en\/#\/schema\/logo\/image\/\"},\"sameAs\":[\"https:\/\/www.facebook.com\/NutriDream\"]}]}<\/script>\n<!-- \/ Yoast SEO plugin. -->","yoast_head_json":{"title":"Weight loss combo - NutriDream","description":"Toidulisand gl\u00fckomannaaniga ja Be More supertoidupulbriga, mis aitab tekitada t\u00e4isk\u00f5hutunnet ja kiirendada ainevahetust. Parim lahendus kaalulangetuseks.","robots":{"index":"index","follow":"follow","max-snippet":"max-snippet:-1","max-image-preview":"max-image-preview:large","max-video-preview":"max-video-preview:-1"},"canonical":"https:\/\/nutridream.eu\/en\/toode\/weight-loss-combo\/","og_locale":"en_US","og_type":"article","og_title":"Weight loss combo - NutriDream","og_description":"Toidulisand gl\u00fckomannaaniga ja Be More supertoidupulbriga, mis aitab tekitada t\u00e4isk\u00f5hutunnet ja kiirendada ainevahetust. Parim lahendus kaalulangetuseks.","og_url":"https:\/\/nutridream.eu\/en\/toode\/weight-loss-combo\/","og_site_name":"NutriDream","article_publisher":"https:\/\/www.facebook.com\/NutriDream","article_modified_time":"2025-06-12T02:15:23+00:00","og_image":[{"width":1920,"height":1920,"url":"https:\/\/nutridream.eu\/wp-content\/uploads\/2024\/08\/beslimnutrislim_simulatsioon.png","type":"image\/png"}],"twitter_card":"summary_large_image","schema":{"@context":"https:\/\/schema.org","@graph":[{"@type":"WebPage","@id":"https:\/\/nutridream.eu\/en\/toode\/weight-loss-combo\/","url":"https:\/\/nutridream.eu\/en\/toode\/weight-loss-combo\/","name":"Weight loss combo - NutriDream","isPartOf":{"@id":"https:\/\/nutridream.eu\/en\/#website"},"primaryImageOfPage":{"@id":"https:\/\/nutridream.eu\/en\/toode\/weight-loss-combo\/#primaryimage"},"image":{"@id":"https:\/\/nutridream.eu\/en\/toode\/weight-loss-combo\/#primaryimage"},"thumbnailUrl":"https:\/\/nutridream.eu\/wp-content\/uploads\/2024\/08\/beslimnutrislim_simulatsioon.png","datePublished":"2024-08-12T14:14:27+00:00","dateModified":"2025-06-12T02:15:23+00:00","description":"Toidulisand gl\u00fckomannaaniga ja Be More supertoidupulbriga, mis aitab tekitada t\u00e4isk\u00f5hutunnet ja kiirendada ainevahetust. Parim lahendus kaalulangetuseks.","breadcrumb":{"@id":"https:\/\/nutridream.eu\/en\/toode\/weight-loss-combo\/#breadcrumb"},"inLanguage":"en-US","potentialAction":[{"@type":"ReadAction","target":["https:\/\/nutridream.eu\/en\/toode\/weight-loss-combo\/"]}]},{"@type":"ImageObject","inLanguage":"en-US","@id":"https:\/\/nutridream.eu\/en\/toode\/weight-loss-combo\/#primaryimage","url":"https:\/\/nutridream.eu\/wp-content\/uploads\/2024\/08\/beslimnutrislim_simulatsioon.png","contentUrl":"https:\/\/nutridream.eu\/wp-content\/uploads\/2024\/08\/beslimnutrislim_simulatsioon.png","width":1920,"height":1920},{"@type":"BreadcrumbList","@id":"https:\/\/nutridream.eu\/en\/toode\/weight-loss-combo\/#breadcrumb","itemListElement":[{"@type":"ListItem","position":1,"name":"Home","item":"https:\/\/nutridream.eu\/en\/"},{"@type":"ListItem","position":2,"name":"Products","item":"https:\/\/nutridream.eu\/en\/shop\/"},{"@type":"ListItem","position":3,"name":"Weight loss combo"}]},{"@type":"WebSite","@id":"https:\/\/nutridream.eu\/en\/#website","url":"https:\/\/nutridream.eu\/en\/","name":"NutriDream","description":"","publisher":{"@id":"https:\/\/nutridream.eu\/en\/#organization"},"potentialAction":[{"@type":"SearchAction","target":{"@type":"EntryPoint","urlTemplate":"https:\/\/nutridream.eu\/en\/?s={search_term_string}"},"query-input":{"@type":"PropertyValueSpecification","valueRequired":true,"valueName":"search_term_string"}}],"inLanguage":"en-US"},{"@type":"Organization","@id":"https:\/\/nutridream.eu\/en\/#organization","name":"Nutridream O\u00dc","url":"https:\/\/nutridream.eu\/en\/","logo":{"@type":"ImageObject","inLanguage":"en-US","@id":"https:\/\/nutridream.eu\/en\/#\/schema\/logo\/image\/","url":"https:\/\/nutridream.eu\/wp-content\/uploads\/2020\/08\/nutridreamlogo.png","contentUrl":"https:\/\/nutridream.eu\/wp-content\/uploads\/2020\/08\/nutridreamlogo.png","width":1224,"height":797,"caption":"Nutridream O\u00dc"},"image":{"@id":"https:\/\/nutridream.eu\/en\/#\/schema\/logo\/image\/"},"sameAs":["https:\/\/www.facebook.com\/NutriDream"]}]}},"_links":{"self":[{"href":"https:\/\/nutridream.eu\/en\/wp-json\/wp\/v2\/product\/11912","targetHints":{"allow":["GET"]}}],"collection":[{"href":"https:\/\/nutridream.eu\/en\/wp-json\/wp\/v2\/product"}],"about":[{"href":"https:\/\/nutridream.eu\/en\/wp-json\/wp\/v2\/types\/product"}],"replies":[{"embeddable":true,"href":"https:\/\/nutridream.eu\/en\/wp-json\/wp\/v2\/comments?post=11912"}],"wp:featuredmedia":[{"embeddable":true,"href":"https:\/\/nutridream.eu\/en\/wp-json\/wp\/v2\/media\/11570"}],"wp:attachment":[{"href":"https:\/\/nutridream.eu\/en\/wp-json\/wp\/v2\/media?parent=11912"}],"wp:term":[{"taxonomy":"product_brand","embeddable":true,"href":"https:\/\/nutridream.eu\/en\/wp-json\/wp\/v2\/product_brand?post=11912"},{"taxonomy":"product_cat","embeddable":true,"href":"https:\/\/nutridream.eu\/en\/wp-json\/wp\/v2\/product_cat?post=11912"},{"taxonomy":"product_tag","embeddable":true,"href":"https:\/\/nutridream.eu\/en\/wp-json\/wp\/v2\/product_tag?post=11912"}],"curies":[{"name":"wp","href":"https:\/\/api.w.org\/{rel}","templated":true}]}}