{"id":11909,"date":"2024-04-11T12:06:59","date_gmt":"2024-04-11T10:06:59","guid":{"rendered":"https:\/\/nutridream.eu\/nutrislim-weight-loss-vegan-capsules\/"},"modified":"2025-03-05T14:28:02","modified_gmt":"2025-03-05T12:28:02","slug":"nutrislim-weight-loss-vegan-capsules","status":"publish","type":"product","link":"https:\/\/nutridream.eu\/en\/toode\/nutrislim-weight-loss-vegan-capsules\/","title":{"rendered":"Nutrislim, weight loss vegan capsules"},"content":{"rendered":"<p><strong><span dir=\"ltr\" role=\"presentation\">NutriSlim capsules<\/span>\u00a0<span dir=\"ltr\" role=\"presentation\">are suitable for<\/span>:<\/strong><\/p>\n<ul>\n<li><span dir=\"ltr\" role=\"presentation\">as a supportive tool for weight loss in addition to a reduced-calorie diet with a healthy diet and an active lifestyle.<\/span><br role=\"presentation\" \/><span dir=\"ltr\" role=\"presentation\">tervislikule toitumisele ja aktiivsele eluviisile<\/span><\/li>\n<li>to keep cholesterol levels normal<\/li>\n<\/ul>\n","protected":false},"excerpt":{"rendered":"<p><strong><span dir=\"ltr\" role=\"presentation\">NutriSlim capsules<\/span>\u00a0<span dir=\"ltr\" role=\"presentation\">are suitable for<\/span>:<\/strong><\/p>\n<ul>\n<li><span dir=\"ltr\" role=\"presentation\">as a supportive tool for weight loss in addition to a reduced-calorie diet with a healthy diet and an active lifestyle.<\/span><br role=\"presentation\" \/><span dir=\"ltr\" role=\"presentation\">tervislikule toitumisele ja aktiivsele eluviisile<\/span><\/li>\n<li>to keep cholesterol levels normal<\/li>\n<\/ul>\n","protected":false},"featured_media":11556,"comment_status":"open","ping_status":"closed","template":"","meta":{"_acf_changed":false,"_monsterinsights_skip_tracking":false,"_monsterinsights_sitenote_active":false,"_monsterinsights_sitenote_note":"","_monsterinsights_sitenote_category":0},"product_brand":[],"product_cat":[161,155,152],"product_tag":[171,169],"class_list":{"0":"post-11909","1":"product","2":"type-product","3":"status-publish","4":"has-post-thumbnail","6":"product_cat-seedimine-en","7":"product_cat-toidulisandid-en","8":"product_cat-kaalulangetus-en","9":"product_tag-nutridream-en","10":"product_tag-kaalulangetus-en","12":"first","13":"instock","14":"taxable","15":"shipping-taxable","16":"purchasable","17":"product-type-simple"},"bundled_by":["11912"],"bundle_stock_status":"instock","bundle_stock_quantity":null,"bundle_virtual":false,"bundle_layout":"","bundle_add_to_cart_form_location":"","bundle_editable_in_cart":false,"bundle_sold_individually_context":"","bundle_item_grouping":"","bundle_min_size":"","bundle_max_size":"","bundle_price":[],"bundled_items":[],"bundle_sell_ids":[],"acf":[],"yoast_head":"<!-- This site is optimized with the Yoast SEO plugin v27.2 - https:\/\/yoast.com\/product\/yoast-seo-wordpress\/ -->\n<title>Nutrislim, weight loss vegan capsules - NutriDream<\/title>\n<meta name=\"description\" content=\"Toidulisand Sinu naha, juuste, limaskestade, makrotoitainete ainevahetuse, n\u00e4rvis\u00fcsteemi talitluse ja energiavahetuse jaoks! Sisaldab 60 tabletti (j\u00e4tkub 2 kuuks)\" \/>\n<meta name=\"robots\" content=\"index, follow, max-snippet:-1, max-image-preview:large, max-video-preview:-1\" \/>\n<link rel=\"canonical\" href=\"https:\/\/nutridream.eu\/en\/toode\/nutrislim-weight-loss-vegan-capsules\/\" \/>\n<meta property=\"og:locale\" content=\"en_US\" \/>\n<meta property=\"og:type\" content=\"article\" \/>\n<meta property=\"og:title\" content=\"Nutrislim, weight loss vegan capsules - NutriDream\" \/>\n<meta property=\"og:description\" content=\"Toidulisand Sinu naha, juuste, limaskestade, makrotoitainete ainevahetuse, n\u00e4rvis\u00fcsteemi talitluse ja energiavahetuse jaoks! Sisaldab 60 tabletti (j\u00e4tkub 2 kuuks)\" \/>\n<meta property=\"og:url\" content=\"https:\/\/nutridream.eu\/en\/toode\/nutrislim-weight-loss-vegan-capsules\/\" \/>\n<meta property=\"og:site_name\" content=\"NutriDream\" \/>\n<meta property=\"article:publisher\" content=\"https:\/\/www.facebook.com\/NutriDream\" \/>\n<meta property=\"article:modified_time\" content=\"2025-03-05T12:28:02+00:00\" \/>\n<meta property=\"og:image\" content=\"https:\/\/nutridream.eu\/wp-content\/uploads\/2024\/04\/NutriSlim_varjuTA.png\" \/>\n\t<meta property=\"og:image:width\" content=\"1920\" \/>\n\t<meta property=\"og:image:height\" content=\"1920\" \/>\n\t<meta property=\"og:image:type\" content=\"image\/png\" \/>\n<meta name=\"twitter:card\" content=\"summary_large_image\" \/>\n<script type=\"application\/ld+json\" class=\"yoast-schema-graph\">{\"@context\":\"https:\/\/schema.org\",\"@graph\":[{\"@type\":\"WebPage\",\"@id\":\"https:\/\/nutridream.eu\/en\/toode\/nutrislim-weight-loss-vegan-capsules\/\",\"url\":\"https:\/\/nutridream.eu\/en\/toode\/nutrislim-weight-loss-vegan-capsules\/\",\"name\":\"Nutrislim, weight loss vegan capsules - NutriDream\",\"isPartOf\":{\"@id\":\"https:\/\/nutridream.eu\/en\/#website\"},\"primaryImageOfPage\":{\"@id\":\"https:\/\/nutridream.eu\/en\/toode\/nutrislim-weight-loss-vegan-capsules\/#primaryimage\"},\"image\":{\"@id\":\"https:\/\/nutridream.eu\/en\/toode\/nutrislim-weight-loss-vegan-capsules\/#primaryimage\"},\"thumbnailUrl\":\"https:\/\/nutridream.eu\/wp-content\/uploads\/2024\/04\/NutriSlim_varjuTA.png\",\"datePublished\":\"2024-04-11T10:06:59+00:00\",\"dateModified\":\"2025-03-05T12:28:02+00:00\",\"description\":\"Toidulisand Sinu naha, juuste, limaskestade, makrotoitainete ainevahetuse, n\u00e4rvis\u00fcsteemi talitluse ja energiavahetuse jaoks! Sisaldab 60 tabletti (j\u00e4tkub 2 kuuks)\",\"breadcrumb\":{\"@id\":\"https:\/\/nutridream.eu\/en\/toode\/nutrislim-weight-loss-vegan-capsules\/#breadcrumb\"},\"inLanguage\":\"en-US\",\"potentialAction\":[{\"@type\":\"ReadAction\",\"target\":[\"https:\/\/nutridream.eu\/en\/toode\/nutrislim-weight-loss-vegan-capsules\/\"]}]},{\"@type\":\"ImageObject\",\"inLanguage\":\"en-US\",\"@id\":\"https:\/\/nutridream.eu\/en\/toode\/nutrislim-weight-loss-vegan-capsules\/#primaryimage\",\"url\":\"https:\/\/nutridream.eu\/wp-content\/uploads\/2024\/04\/NutriSlim_varjuTA.png\",\"contentUrl\":\"https:\/\/nutridream.eu\/wp-content\/uploads\/2024\/04\/NutriSlim_varjuTA.png\",\"width\":1920,\"height\":1920},{\"@type\":\"BreadcrumbList\",\"@id\":\"https:\/\/nutridream.eu\/en\/toode\/nutrislim-weight-loss-vegan-capsules\/#breadcrumb\",\"itemListElement\":[{\"@type\":\"ListItem\",\"position\":1,\"name\":\"Home\",\"item\":\"https:\/\/nutridream.eu\/en\/\"},{\"@type\":\"ListItem\",\"position\":2,\"name\":\"Products\",\"item\":\"https:\/\/nutridream.eu\/en\/shop\/\"},{\"@type\":\"ListItem\",\"position\":3,\"name\":\"Nutrislim, weight loss vegan capsules\"}]},{\"@type\":\"WebSite\",\"@id\":\"https:\/\/nutridream.eu\/en\/#website\",\"url\":\"https:\/\/nutridream.eu\/en\/\",\"name\":\"NutriDream\",\"description\":\"\",\"publisher\":{\"@id\":\"https:\/\/nutridream.eu\/en\/#organization\"},\"potentialAction\":[{\"@type\":\"SearchAction\",\"target\":{\"@type\":\"EntryPoint\",\"urlTemplate\":\"https:\/\/nutridream.eu\/en\/?s={search_term_string}\"},\"query-input\":{\"@type\":\"PropertyValueSpecification\",\"valueRequired\":true,\"valueName\":\"search_term_string\"}}],\"inLanguage\":\"en-US\"},{\"@type\":\"Organization\",\"@id\":\"https:\/\/nutridream.eu\/en\/#organization\",\"name\":\"Nutridream O\u00dc\",\"url\":\"https:\/\/nutridream.eu\/en\/\",\"logo\":{\"@type\":\"ImageObject\",\"inLanguage\":\"en-US\",\"@id\":\"https:\/\/nutridream.eu\/en\/#\/schema\/logo\/image\/\",\"url\":\"https:\/\/nutridream.eu\/wp-content\/uploads\/2020\/08\/nutridreamlogo.png\",\"contentUrl\":\"https:\/\/nutridream.eu\/wp-content\/uploads\/2020\/08\/nutridreamlogo.png\",\"width\":1224,\"height\":797,\"caption\":\"Nutridream O\u00dc\"},\"image\":{\"@id\":\"https:\/\/nutridream.eu\/en\/#\/schema\/logo\/image\/\"},\"sameAs\":[\"https:\/\/www.facebook.com\/NutriDream\"]}]}<\/script>\n<!-- \/ Yoast SEO plugin. -->","yoast_head_json":{"title":"Nutrislim, weight loss vegan capsules - NutriDream","description":"Toidulisand Sinu naha, juuste, limaskestade, makrotoitainete ainevahetuse, n\u00e4rvis\u00fcsteemi talitluse ja energiavahetuse jaoks! Sisaldab 60 tabletti (j\u00e4tkub 2 kuuks)","robots":{"index":"index","follow":"follow","max-snippet":"max-snippet:-1","max-image-preview":"max-image-preview:large","max-video-preview":"max-video-preview:-1"},"canonical":"https:\/\/nutridream.eu\/en\/toode\/nutrislim-weight-loss-vegan-capsules\/","og_locale":"en_US","og_type":"article","og_title":"Nutrislim, weight loss vegan capsules - NutriDream","og_description":"Toidulisand Sinu naha, juuste, limaskestade, makrotoitainete ainevahetuse, n\u00e4rvis\u00fcsteemi talitluse ja energiavahetuse jaoks! Sisaldab 60 tabletti (j\u00e4tkub 2 kuuks)","og_url":"https:\/\/nutridream.eu\/en\/toode\/nutrislim-weight-loss-vegan-capsules\/","og_site_name":"NutriDream","article_publisher":"https:\/\/www.facebook.com\/NutriDream","article_modified_time":"2025-03-05T12:28:02+00:00","og_image":[{"width":1920,"height":1920,"url":"https:\/\/nutridream.eu\/wp-content\/uploads\/2024\/04\/NutriSlim_varjuTA.png","type":"image\/png"}],"twitter_card":"summary_large_image","schema":{"@context":"https:\/\/schema.org","@graph":[{"@type":"WebPage","@id":"https:\/\/nutridream.eu\/en\/toode\/nutrislim-weight-loss-vegan-capsules\/","url":"https:\/\/nutridream.eu\/en\/toode\/nutrislim-weight-loss-vegan-capsules\/","name":"Nutrislim, weight loss vegan capsules - NutriDream","isPartOf":{"@id":"https:\/\/nutridream.eu\/en\/#website"},"primaryImageOfPage":{"@id":"https:\/\/nutridream.eu\/en\/toode\/nutrislim-weight-loss-vegan-capsules\/#primaryimage"},"image":{"@id":"https:\/\/nutridream.eu\/en\/toode\/nutrislim-weight-loss-vegan-capsules\/#primaryimage"},"thumbnailUrl":"https:\/\/nutridream.eu\/wp-content\/uploads\/2024\/04\/NutriSlim_varjuTA.png","datePublished":"2024-04-11T10:06:59+00:00","dateModified":"2025-03-05T12:28:02+00:00","description":"Toidulisand Sinu naha, juuste, limaskestade, makrotoitainete ainevahetuse, n\u00e4rvis\u00fcsteemi talitluse ja energiavahetuse jaoks! Sisaldab 60 tabletti (j\u00e4tkub 2 kuuks)","breadcrumb":{"@id":"https:\/\/nutridream.eu\/en\/toode\/nutrislim-weight-loss-vegan-capsules\/#breadcrumb"},"inLanguage":"en-US","potentialAction":[{"@type":"ReadAction","target":["https:\/\/nutridream.eu\/en\/toode\/nutrislim-weight-loss-vegan-capsules\/"]}]},{"@type":"ImageObject","inLanguage":"en-US","@id":"https:\/\/nutridream.eu\/en\/toode\/nutrislim-weight-loss-vegan-capsules\/#primaryimage","url":"https:\/\/nutridream.eu\/wp-content\/uploads\/2024\/04\/NutriSlim_varjuTA.png","contentUrl":"https:\/\/nutridream.eu\/wp-content\/uploads\/2024\/04\/NutriSlim_varjuTA.png","width":1920,"height":1920},{"@type":"BreadcrumbList","@id":"https:\/\/nutridream.eu\/en\/toode\/nutrislim-weight-loss-vegan-capsules\/#breadcrumb","itemListElement":[{"@type":"ListItem","position":1,"name":"Home","item":"https:\/\/nutridream.eu\/en\/"},{"@type":"ListItem","position":2,"name":"Products","item":"https:\/\/nutridream.eu\/en\/shop\/"},{"@type":"ListItem","position":3,"name":"Nutrislim, weight loss vegan capsules"}]},{"@type":"WebSite","@id":"https:\/\/nutridream.eu\/en\/#website","url":"https:\/\/nutridream.eu\/en\/","name":"NutriDream","description":"","publisher":{"@id":"https:\/\/nutridream.eu\/en\/#organization"},"potentialAction":[{"@type":"SearchAction","target":{"@type":"EntryPoint","urlTemplate":"https:\/\/nutridream.eu\/en\/?s={search_term_string}"},"query-input":{"@type":"PropertyValueSpecification","valueRequired":true,"valueName":"search_term_string"}}],"inLanguage":"en-US"},{"@type":"Organization","@id":"https:\/\/nutridream.eu\/en\/#organization","name":"Nutridream O\u00dc","url":"https:\/\/nutridream.eu\/en\/","logo":{"@type":"ImageObject","inLanguage":"en-US","@id":"https:\/\/nutridream.eu\/en\/#\/schema\/logo\/image\/","url":"https:\/\/nutridream.eu\/wp-content\/uploads\/2020\/08\/nutridreamlogo.png","contentUrl":"https:\/\/nutridream.eu\/wp-content\/uploads\/2020\/08\/nutridreamlogo.png","width":1224,"height":797,"caption":"Nutridream O\u00dc"},"image":{"@id":"https:\/\/nutridream.eu\/en\/#\/schema\/logo\/image\/"},"sameAs":["https:\/\/www.facebook.com\/NutriDream"]}]}},"_links":{"self":[{"href":"https:\/\/nutridream.eu\/en\/wp-json\/wp\/v2\/product\/11909","targetHints":{"allow":["GET"]}}],"collection":[{"href":"https:\/\/nutridream.eu\/en\/wp-json\/wp\/v2\/product"}],"about":[{"href":"https:\/\/nutridream.eu\/en\/wp-json\/wp\/v2\/types\/product"}],"replies":[{"embeddable":true,"href":"https:\/\/nutridream.eu\/en\/wp-json\/wp\/v2\/comments?post=11909"}],"wp:featuredmedia":[{"embeddable":true,"href":"https:\/\/nutridream.eu\/en\/wp-json\/wp\/v2\/media\/11556"}],"wp:attachment":[{"href":"https:\/\/nutridream.eu\/en\/wp-json\/wp\/v2\/media?parent=11909"}],"wp:term":[{"taxonomy":"product_brand","embeddable":true,"href":"https:\/\/nutridream.eu\/en\/wp-json\/wp\/v2\/product_brand?post=11909"},{"taxonomy":"product_cat","embeddable":true,"href":"https:\/\/nutridream.eu\/en\/wp-json\/wp\/v2\/product_cat?post=11909"},{"taxonomy":"product_tag","embeddable":true,"href":"https:\/\/nutridream.eu\/en\/wp-json\/wp\/v2\/product_tag?post=11909"}],"curies":[{"name":"wp","href":"https:\/\/api.w.org\/{rel}","templated":true}]}}