{"id":11882,"date":"2022-09-12T22:19:14","date_gmt":"2022-09-12T20:19:14","guid":{"rendered":"https:\/\/nutridream.eu\/omega-3-fish-oil-softgels-in-the-form-of-triglycerides\/"},"modified":"2025-06-12T04:08:36","modified_gmt":"2025-06-12T02:08:36","slug":"omega-3-fish-oil-softgels-in-the-form-of-triglycerides","status":"publish","type":"product","link":"https:\/\/nutridream.eu\/en\/toode\/omega-3-fish-oil-softgels-in-the-form-of-triglycerides\/","title":{"rendered":"Omega-3 fish oil softgels in the form of triglycerides"},"content":{"rendered":"<p>Food supplement for you heart, brain and vision!<\/p>\n<ul>\n<li>1 softgel contains 700 mg of omega-3 fatty acids, of which 350 mg is EPA and 250 mg DHA<\/li>\n<li>One soft capsule a day is enough to have a beneficial effect on your heart, vision and brain*<\/li>\n<li>Fish oil is in a triglyceride form, which promotes absorption<\/li>\n<li>Natural Vitamin E is added as an antioxidant to reduce oxidation of fish oil<\/li>\n<li class=\"translation-block\">One jar contains 60 softgels (lasts for two months)<\/li>\n<\/ul>\n<p>*The beneficial effect for the normal function of the heart is obtained with a daily intake of 250 mg of EPA and DHA. For the maintenance of normal vision and brain function, 250 mg of DHA should be taken daily.<\/p>\n","protected":false},"excerpt":{"rendered":"<p>Food supplement for you heart, brain and vision!<\/p>\n<ul>\n<li>1 softgel contains 700 mg of omega-3 fatty acids, of which 350 mg is EPA and 250 mg DHA<\/li>\n<li>One soft capsule a day is enough to have a beneficial effect on your heart, vision and brain*<\/li>\n<li>Fish oil is in a triglyceride form, which promotes absorption<\/li>\n<li>Natural Vitamin E is added as an antioxidant to reduce oxidation of fish oil<\/li>\n<li class=\"translation-block\">One jar contains 60 softgels (lasts for two months)<\/li>\n<\/ul>\n<p>*The beneficial effect for the normal function of the heart is obtained with a daily intake of 250 mg of EPA and DHA. For the maintenance of normal vision and brain function, 250 mg of DHA should be taken daily.<\/p>\n","protected":false},"featured_media":11461,"comment_status":"open","ping_status":"closed","template":"","meta":{"_acf_changed":false,"_monsterinsights_skip_tracking":false,"_monsterinsights_sitenote_active":false,"_monsterinsights_sitenote_note":"","_monsterinsights_sitenote_category":0},"product_brand":[],"product_cat":[155,162,158],"product_tag":[171],"class_list":{"0":"post-11882","1":"product","2":"type-product","3":"status-publish","4":"has-post-thumbnail","6":"product_cat-toidulisandid-en","7":"product_cat-sydamele-en","8":"product_cat-liigesed-en","9":"product_tag-nutridream-en","11":"first","12":"instock","13":"taxable","14":"shipping-taxable","15":"purchasable","16":"product-type-simple"},"bundled_by":["11895"],"bundle_stock_status":"instock","bundle_stock_quantity":null,"bundle_virtual":false,"bundle_layout":"","bundle_add_to_cart_form_location":"","bundle_editable_in_cart":false,"bundle_sold_individually_context":"","bundle_item_grouping":"","bundle_min_size":"","bundle_max_size":"","bundle_price":[],"bundled_items":[],"bundle_sell_ids":[],"acf":[],"yoast_head":"<!-- This site is optimized with the Yoast SEO plugin v27.2 - https:\/\/yoast.com\/product\/yoast-seo-wordpress\/ -->\n<title>Omega-3 fish oil softgels in the form of triglycerides - NutriDream<\/title>\n<meta name=\"description\" content=\"Oomega-3 toidulisand Sinu s\u00fcdamele, ajule ning n\u00e4gemisele! \u00dcks pehmekapsel sisaldab 700 mg oomega-3-rasvhappeid, millest 350 mg moodustab EPA ning 250 mg DHA.\" \/>\n<meta name=\"robots\" content=\"index, follow, max-snippet:-1, max-image-preview:large, max-video-preview:-1\" \/>\n<link rel=\"canonical\" href=\"https:\/\/nutridream.eu\/en\/toode\/omega-3-fish-oil-softgels-in-the-form-of-triglycerides\/\" \/>\n<meta property=\"og:locale\" content=\"en_US\" \/>\n<meta property=\"og:type\" content=\"article\" \/>\n<meta property=\"og:title\" content=\"Omega-3 fish oil softgels in the form of triglycerides - NutriDream\" \/>\n<meta property=\"og:description\" content=\"Oomega-3 toidulisand Sinu s\u00fcdamele, ajule ning n\u00e4gemisele! \u00dcks pehmekapsel sisaldab 700 mg oomega-3-rasvhappeid, millest 350 mg moodustab EPA ning 250 mg DHA.\" \/>\n<meta property=\"og:url\" content=\"https:\/\/nutridream.eu\/en\/toode\/omega-3-fish-oil-softgels-in-the-form-of-triglycerides\/\" \/>\n<meta property=\"og:site_name\" content=\"NutriDream\" \/>\n<meta property=\"article:publisher\" content=\"https:\/\/www.facebook.com\/NutriDream\" \/>\n<meta property=\"article:modified_time\" content=\"2025-06-12T02:08:36+00:00\" \/>\n<meta property=\"og:image\" content=\"https:\/\/nutridream.eu\/wp-content\/uploads\/2022\/03\/Oomega-3-tausTATA-varjuTA.png\" \/>\n\t<meta property=\"og:image:width\" content=\"1920\" \/>\n\t<meta property=\"og:image:height\" content=\"1920\" \/>\n\t<meta property=\"og:image:type\" content=\"image\/png\" \/>\n<meta name=\"twitter:card\" content=\"summary_large_image\" \/>\n<meta name=\"twitter:label1\" content=\"Est. reading time\" \/>\n\t<meta name=\"twitter:data1\" content=\"1 minute\" \/>\n<script type=\"application\/ld+json\" class=\"yoast-schema-graph\">{\"@context\":\"https:\/\/schema.org\",\"@graph\":[{\"@type\":\"WebPage\",\"@id\":\"https:\/\/nutridream.eu\/en\/toode\/omega-3-fish-oil-softgels-in-the-form-of-triglycerides\/\",\"url\":\"https:\/\/nutridream.eu\/en\/toode\/omega-3-fish-oil-softgels-in-the-form-of-triglycerides\/\",\"name\":\"Omega-3 fish oil softgels in the form of triglycerides - NutriDream\",\"isPartOf\":{\"@id\":\"https:\/\/nutridream.eu\/en\/#website\"},\"primaryImageOfPage\":{\"@id\":\"https:\/\/nutridream.eu\/en\/toode\/omega-3-fish-oil-softgels-in-the-form-of-triglycerides\/#primaryimage\"},\"image\":{\"@id\":\"https:\/\/nutridream.eu\/en\/toode\/omega-3-fish-oil-softgels-in-the-form-of-triglycerides\/#primaryimage\"},\"thumbnailUrl\":\"https:\/\/nutridream.eu\/wp-content\/uploads\/2022\/03\/Oomega-3-tausTATA-varjuTA.png\",\"datePublished\":\"2022-09-12T20:19:14+00:00\",\"dateModified\":\"2025-06-12T02:08:36+00:00\",\"description\":\"Oomega-3 toidulisand Sinu s\u00fcdamele, ajule ning n\u00e4gemisele! \u00dcks pehmekapsel sisaldab 700 mg oomega-3-rasvhappeid, millest 350 mg moodustab EPA ning 250 mg DHA.\",\"breadcrumb\":{\"@id\":\"https:\/\/nutridream.eu\/en\/toode\/omega-3-fish-oil-softgels-in-the-form-of-triglycerides\/#breadcrumb\"},\"inLanguage\":\"en-US\",\"potentialAction\":[{\"@type\":\"ReadAction\",\"target\":[\"https:\/\/nutridream.eu\/en\/toode\/omega-3-fish-oil-softgels-in-the-form-of-triglycerides\/\"]}]},{\"@type\":\"ImageObject\",\"inLanguage\":\"en-US\",\"@id\":\"https:\/\/nutridream.eu\/en\/toode\/omega-3-fish-oil-softgels-in-the-form-of-triglycerides\/#primaryimage\",\"url\":\"https:\/\/nutridream.eu\/wp-content\/uploads\/2022\/03\/Oomega-3-tausTATA-varjuTA.png\",\"contentUrl\":\"https:\/\/nutridream.eu\/wp-content\/uploads\/2022\/03\/Oomega-3-tausTATA-varjuTA.png\",\"width\":1920,\"height\":1920},{\"@type\":\"BreadcrumbList\",\"@id\":\"https:\/\/nutridream.eu\/en\/toode\/omega-3-fish-oil-softgels-in-the-form-of-triglycerides\/#breadcrumb\",\"itemListElement\":[{\"@type\":\"ListItem\",\"position\":1,\"name\":\"Home\",\"item\":\"https:\/\/nutridream.eu\/en\/\"},{\"@type\":\"ListItem\",\"position\":2,\"name\":\"Products\",\"item\":\"https:\/\/nutridream.eu\/en\/shop\/\"},{\"@type\":\"ListItem\",\"position\":3,\"name\":\"Omega-3 fish oil softgels in the form of triglycerides\"}]},{\"@type\":\"WebSite\",\"@id\":\"https:\/\/nutridream.eu\/en\/#website\",\"url\":\"https:\/\/nutridream.eu\/en\/\",\"name\":\"NutriDream\",\"description\":\"\",\"publisher\":{\"@id\":\"https:\/\/nutridream.eu\/en\/#organization\"},\"potentialAction\":[{\"@type\":\"SearchAction\",\"target\":{\"@type\":\"EntryPoint\",\"urlTemplate\":\"https:\/\/nutridream.eu\/en\/?s={search_term_string}\"},\"query-input\":{\"@type\":\"PropertyValueSpecification\",\"valueRequired\":true,\"valueName\":\"search_term_string\"}}],\"inLanguage\":\"en-US\"},{\"@type\":\"Organization\",\"@id\":\"https:\/\/nutridream.eu\/en\/#organization\",\"name\":\"Nutridream O\u00dc\",\"url\":\"https:\/\/nutridream.eu\/en\/\",\"logo\":{\"@type\":\"ImageObject\",\"inLanguage\":\"en-US\",\"@id\":\"https:\/\/nutridream.eu\/en\/#\/schema\/logo\/image\/\",\"url\":\"https:\/\/nutridream.eu\/wp-content\/uploads\/2020\/08\/nutridreamlogo.png\",\"contentUrl\":\"https:\/\/nutridream.eu\/wp-content\/uploads\/2020\/08\/nutridreamlogo.png\",\"width\":1224,\"height\":797,\"caption\":\"Nutridream O\u00dc\"},\"image\":{\"@id\":\"https:\/\/nutridream.eu\/en\/#\/schema\/logo\/image\/\"},\"sameAs\":[\"https:\/\/www.facebook.com\/NutriDream\"]}]}<\/script>\n<!-- \/ Yoast SEO plugin. -->","yoast_head_json":{"title":"Omega-3 fish oil softgels in the form of triglycerides - NutriDream","description":"Oomega-3 toidulisand Sinu s\u00fcdamele, ajule ning n\u00e4gemisele! \u00dcks pehmekapsel sisaldab 700 mg oomega-3-rasvhappeid, millest 350 mg moodustab EPA ning 250 mg DHA.","robots":{"index":"index","follow":"follow","max-snippet":"max-snippet:-1","max-image-preview":"max-image-preview:large","max-video-preview":"max-video-preview:-1"},"canonical":"https:\/\/nutridream.eu\/en\/toode\/omega-3-fish-oil-softgels-in-the-form-of-triglycerides\/","og_locale":"en_US","og_type":"article","og_title":"Omega-3 fish oil softgels in the form of triglycerides - NutriDream","og_description":"Oomega-3 toidulisand Sinu s\u00fcdamele, ajule ning n\u00e4gemisele! \u00dcks pehmekapsel sisaldab 700 mg oomega-3-rasvhappeid, millest 350 mg moodustab EPA ning 250 mg DHA.","og_url":"https:\/\/nutridream.eu\/en\/toode\/omega-3-fish-oil-softgels-in-the-form-of-triglycerides\/","og_site_name":"NutriDream","article_publisher":"https:\/\/www.facebook.com\/NutriDream","article_modified_time":"2025-06-12T02:08:36+00:00","og_image":[{"width":1920,"height":1920,"url":"https:\/\/nutridream.eu\/wp-content\/uploads\/2022\/03\/Oomega-3-tausTATA-varjuTA.png","type":"image\/png"}],"twitter_card":"summary_large_image","twitter_misc":{"Est. reading time":"1 minute"},"schema":{"@context":"https:\/\/schema.org","@graph":[{"@type":"WebPage","@id":"https:\/\/nutridream.eu\/en\/toode\/omega-3-fish-oil-softgels-in-the-form-of-triglycerides\/","url":"https:\/\/nutridream.eu\/en\/toode\/omega-3-fish-oil-softgels-in-the-form-of-triglycerides\/","name":"Omega-3 fish oil softgels in the form of triglycerides - NutriDream","isPartOf":{"@id":"https:\/\/nutridream.eu\/en\/#website"},"primaryImageOfPage":{"@id":"https:\/\/nutridream.eu\/en\/toode\/omega-3-fish-oil-softgels-in-the-form-of-triglycerides\/#primaryimage"},"image":{"@id":"https:\/\/nutridream.eu\/en\/toode\/omega-3-fish-oil-softgels-in-the-form-of-triglycerides\/#primaryimage"},"thumbnailUrl":"https:\/\/nutridream.eu\/wp-content\/uploads\/2022\/03\/Oomega-3-tausTATA-varjuTA.png","datePublished":"2022-09-12T20:19:14+00:00","dateModified":"2025-06-12T02:08:36+00:00","description":"Oomega-3 toidulisand Sinu s\u00fcdamele, ajule ning n\u00e4gemisele! \u00dcks pehmekapsel sisaldab 700 mg oomega-3-rasvhappeid, millest 350 mg moodustab EPA ning 250 mg DHA.","breadcrumb":{"@id":"https:\/\/nutridream.eu\/en\/toode\/omega-3-fish-oil-softgels-in-the-form-of-triglycerides\/#breadcrumb"},"inLanguage":"en-US","potentialAction":[{"@type":"ReadAction","target":["https:\/\/nutridream.eu\/en\/toode\/omega-3-fish-oil-softgels-in-the-form-of-triglycerides\/"]}]},{"@type":"ImageObject","inLanguage":"en-US","@id":"https:\/\/nutridream.eu\/en\/toode\/omega-3-fish-oil-softgels-in-the-form-of-triglycerides\/#primaryimage","url":"https:\/\/nutridream.eu\/wp-content\/uploads\/2022\/03\/Oomega-3-tausTATA-varjuTA.png","contentUrl":"https:\/\/nutridream.eu\/wp-content\/uploads\/2022\/03\/Oomega-3-tausTATA-varjuTA.png","width":1920,"height":1920},{"@type":"BreadcrumbList","@id":"https:\/\/nutridream.eu\/en\/toode\/omega-3-fish-oil-softgels-in-the-form-of-triglycerides\/#breadcrumb","itemListElement":[{"@type":"ListItem","position":1,"name":"Home","item":"https:\/\/nutridream.eu\/en\/"},{"@type":"ListItem","position":2,"name":"Products","item":"https:\/\/nutridream.eu\/en\/shop\/"},{"@type":"ListItem","position":3,"name":"Omega-3 fish oil softgels in the form of triglycerides"}]},{"@type":"WebSite","@id":"https:\/\/nutridream.eu\/en\/#website","url":"https:\/\/nutridream.eu\/en\/","name":"NutriDream","description":"","publisher":{"@id":"https:\/\/nutridream.eu\/en\/#organization"},"potentialAction":[{"@type":"SearchAction","target":{"@type":"EntryPoint","urlTemplate":"https:\/\/nutridream.eu\/en\/?s={search_term_string}"},"query-input":{"@type":"PropertyValueSpecification","valueRequired":true,"valueName":"search_term_string"}}],"inLanguage":"en-US"},{"@type":"Organization","@id":"https:\/\/nutridream.eu\/en\/#organization","name":"Nutridream O\u00dc","url":"https:\/\/nutridream.eu\/en\/","logo":{"@type":"ImageObject","inLanguage":"en-US","@id":"https:\/\/nutridream.eu\/en\/#\/schema\/logo\/image\/","url":"https:\/\/nutridream.eu\/wp-content\/uploads\/2020\/08\/nutridreamlogo.png","contentUrl":"https:\/\/nutridream.eu\/wp-content\/uploads\/2020\/08\/nutridreamlogo.png","width":1224,"height":797,"caption":"Nutridream O\u00dc"},"image":{"@id":"https:\/\/nutridream.eu\/en\/#\/schema\/logo\/image\/"},"sameAs":["https:\/\/www.facebook.com\/NutriDream"]}]}},"_links":{"self":[{"href":"https:\/\/nutridream.eu\/en\/wp-json\/wp\/v2\/product\/11882","targetHints":{"allow":["GET"]}}],"collection":[{"href":"https:\/\/nutridream.eu\/en\/wp-json\/wp\/v2\/product"}],"about":[{"href":"https:\/\/nutridream.eu\/en\/wp-json\/wp\/v2\/types\/product"}],"replies":[{"embeddable":true,"href":"https:\/\/nutridream.eu\/en\/wp-json\/wp\/v2\/comments?post=11882"}],"wp:featuredmedia":[{"embeddable":true,"href":"https:\/\/nutridream.eu\/en\/wp-json\/wp\/v2\/media\/11461"}],"wp:attachment":[{"href":"https:\/\/nutridream.eu\/en\/wp-json\/wp\/v2\/media?parent=11882"}],"wp:term":[{"taxonomy":"product_brand","embeddable":true,"href":"https:\/\/nutridream.eu\/en\/wp-json\/wp\/v2\/product_brand?post=11882"},{"taxonomy":"product_cat","embeddable":true,"href":"https:\/\/nutridream.eu\/en\/wp-json\/wp\/v2\/product_cat?post=11882"},{"taxonomy":"product_tag","embeddable":true,"href":"https:\/\/nutridream.eu\/en\/wp-json\/wp\/v2\/product_tag?post=11882"}],"curies":[{"name":"wp","href":"https:\/\/api.w.org\/{rel}","templated":true}]}}