{"id":11827,"date":"2020-10-07T19:41:57","date_gmt":"2020-10-07T17:41:57","guid":{"rendered":"https:\/\/nutridream.eu\/turmeric-and-black-pepper-capsules\/"},"modified":"2025-06-12T04:16:28","modified_gmt":"2025-06-12T02:16:28","slug":"turmeric-and-black-pepper-capsules","status":"publish","type":"product","link":"https:\/\/nutridream.eu\/en\/toode\/turmeric-and-black-pepper-capsules\/","title":{"rendered":"Turmeric and Black Pepper Capsules"},"content":{"rendered":"<ul>\n<li>Strengthens your immune system&#8217;s resistance<\/li>\n<li>Has an antioxidant effect<\/li>\n<li>Supports the nervous system and blood circulation and promotes liver function<\/li>\n<li>Protects against microbes and parasites<\/li>\n<li>Contains 60 capsules<\/li>\n<\/ul>\n","protected":false},"excerpt":{"rendered":"<ul>\n<li>Strengthens your immune system&#8217;s resistance<\/li>\n<li>Has an antioxidant effect<\/li>\n<li>Supports the nervous system and blood circulation and promotes liver function<\/li>\n<li>Protects against microbes and parasites<\/li>\n<li>Contains 60 capsules<\/li>\n<\/ul>\n","protected":false},"featured_media":11230,"comment_status":"open","ping_status":"closed","template":"","meta":{"_acf_changed":false,"_monsterinsights_skip_tracking":false,"_monsterinsights_sitenote_active":false,"_monsterinsights_sitenote_note":"","_monsterinsights_sitenote_category":0},"product_brand":[],"product_cat":[151,155],"product_tag":[166],"class_list":{"0":"post-11827","1":"product","2":"type-product","3":"status-publish","4":"has-post-thumbnail","6":"product_cat-be-more-en","7":"product_cat-toidulisandid-en","8":"product_tag-bemore-en","10":"first","11":"instock","12":"taxable","13":"shipping-taxable","14":"purchasable","15":"product-type-simple"},"bundled_by":[],"bundle_stock_status":"instock","bundle_stock_quantity":null,"bundle_virtual":false,"bundle_layout":"","bundle_add_to_cart_form_location":"","bundle_editable_in_cart":false,"bundle_sold_individually_context":"","bundle_item_grouping":"","bundle_min_size":"","bundle_max_size":"","bundle_price":[],"bundled_items":[],"bundle_sell_ids":[],"acf":[],"yoast_head":"<!-- This site is optimized with the Yoast SEO plugin v27.2 - https:\/\/yoast.com\/product\/yoast-seo-wordpress\/ -->\n<title>Turmeric and Black Pepper Capsules - NutriDream<\/title>\n<meta name=\"description\" content=\"Tugevda oma immuuns\u00fcsteemi vastupanuv\u00f5imet. Toeta n\u00e4rvis\u00fcsteemi ja vereringlust ning soodusta maksatalitlust. Toode sobib veganitele.\" \/>\n<meta name=\"robots\" content=\"index, follow, max-snippet:-1, max-image-preview:large, max-video-preview:-1\" \/>\n<link rel=\"canonical\" href=\"https:\/\/nutridream.eu\/en\/toode\/turmeric-and-black-pepper-capsules\/\" \/>\n<meta property=\"og:locale\" content=\"en_US\" \/>\n<meta property=\"og:type\" content=\"article\" \/>\n<meta property=\"og:title\" content=\"Turmeric and Black Pepper Capsules - NutriDream\" \/>\n<meta property=\"og:description\" content=\"Tugevda oma immuuns\u00fcsteemi vastupanuv\u00f5imet. Toeta n\u00e4rvis\u00fcsteemi ja vereringlust ning soodusta maksatalitlust. Toode sobib veganitele.\" \/>\n<meta property=\"og:url\" content=\"https:\/\/nutridream.eu\/en\/toode\/turmeric-and-black-pepper-capsules\/\" \/>\n<meta property=\"og:site_name\" content=\"NutriDream\" \/>\n<meta property=\"article:publisher\" content=\"https:\/\/www.facebook.com\/NutriDream\" \/>\n<meta property=\"article:modified_time\" content=\"2025-06-12T02:16:28+00:00\" \/>\n<meta property=\"og:image\" content=\"https:\/\/nutridream.eu\/wp-content\/uploads\/2020\/10\/Be-More-Kurkum.png\" \/>\n\t<meta property=\"og:image:width\" content=\"1600\" \/>\n\t<meta property=\"og:image:height\" content=\"1600\" \/>\n\t<meta property=\"og:image:type\" content=\"image\/png\" \/>\n<meta name=\"twitter:card\" content=\"summary_large_image\" \/>\n<script type=\"application\/ld+json\" class=\"yoast-schema-graph\">{\"@context\":\"https:\/\/schema.org\",\"@graph\":[{\"@type\":\"WebPage\",\"@id\":\"https:\/\/nutridream.eu\/en\/toode\/turmeric-and-black-pepper-capsules\/\",\"url\":\"https:\/\/nutridream.eu\/en\/toode\/turmeric-and-black-pepper-capsules\/\",\"name\":\"Turmeric and Black Pepper Capsules - NutriDream\",\"isPartOf\":{\"@id\":\"https:\/\/nutridream.eu\/en\/#website\"},\"primaryImageOfPage\":{\"@id\":\"https:\/\/nutridream.eu\/en\/toode\/turmeric-and-black-pepper-capsules\/#primaryimage\"},\"image\":{\"@id\":\"https:\/\/nutridream.eu\/en\/toode\/turmeric-and-black-pepper-capsules\/#primaryimage\"},\"thumbnailUrl\":\"https:\/\/nutridream.eu\/wp-content\/uploads\/2020\/10\/Be-More-Kurkum.png\",\"datePublished\":\"2020-10-07T17:41:57+00:00\",\"dateModified\":\"2025-06-12T02:16:28+00:00\",\"description\":\"Tugevda oma immuuns\u00fcsteemi vastupanuv\u00f5imet. Toeta n\u00e4rvis\u00fcsteemi ja vereringlust ning soodusta maksatalitlust. Toode sobib veganitele.\",\"breadcrumb\":{\"@id\":\"https:\/\/nutridream.eu\/en\/toode\/turmeric-and-black-pepper-capsules\/#breadcrumb\"},\"inLanguage\":\"en-US\",\"potentialAction\":[{\"@type\":\"ReadAction\",\"target\":[\"https:\/\/nutridream.eu\/en\/toode\/turmeric-and-black-pepper-capsules\/\"]}]},{\"@type\":\"ImageObject\",\"inLanguage\":\"en-US\",\"@id\":\"https:\/\/nutridream.eu\/en\/toode\/turmeric-and-black-pepper-capsules\/#primaryimage\",\"url\":\"https:\/\/nutridream.eu\/wp-content\/uploads\/2020\/10\/Be-More-Kurkum.png\",\"contentUrl\":\"https:\/\/nutridream.eu\/wp-content\/uploads\/2020\/10\/Be-More-Kurkum.png\",\"width\":1600,\"height\":1600},{\"@type\":\"BreadcrumbList\",\"@id\":\"https:\/\/nutridream.eu\/en\/toode\/turmeric-and-black-pepper-capsules\/#breadcrumb\",\"itemListElement\":[{\"@type\":\"ListItem\",\"position\":1,\"name\":\"Home\",\"item\":\"https:\/\/nutridream.eu\/en\/\"},{\"@type\":\"ListItem\",\"position\":2,\"name\":\"Products\",\"item\":\"https:\/\/nutridream.eu\/en\/shop\/\"},{\"@type\":\"ListItem\",\"position\":3,\"name\":\"Turmeric and Black Pepper Capsules\"}]},{\"@type\":\"WebSite\",\"@id\":\"https:\/\/nutridream.eu\/en\/#website\",\"url\":\"https:\/\/nutridream.eu\/en\/\",\"name\":\"NutriDream\",\"description\":\"\",\"publisher\":{\"@id\":\"https:\/\/nutridream.eu\/en\/#organization\"},\"potentialAction\":[{\"@type\":\"SearchAction\",\"target\":{\"@type\":\"EntryPoint\",\"urlTemplate\":\"https:\/\/nutridream.eu\/en\/?s={search_term_string}\"},\"query-input\":{\"@type\":\"PropertyValueSpecification\",\"valueRequired\":true,\"valueName\":\"search_term_string\"}}],\"inLanguage\":\"en-US\"},{\"@type\":\"Organization\",\"@id\":\"https:\/\/nutridream.eu\/en\/#organization\",\"name\":\"Nutridream O\u00dc\",\"url\":\"https:\/\/nutridream.eu\/en\/\",\"logo\":{\"@type\":\"ImageObject\",\"inLanguage\":\"en-US\",\"@id\":\"https:\/\/nutridream.eu\/en\/#\/schema\/logo\/image\/\",\"url\":\"https:\/\/nutridream.eu\/wp-content\/uploads\/2020\/08\/nutridreamlogo.png\",\"contentUrl\":\"https:\/\/nutridream.eu\/wp-content\/uploads\/2020\/08\/nutridreamlogo.png\",\"width\":1224,\"height\":797,\"caption\":\"Nutridream O\u00dc\"},\"image\":{\"@id\":\"https:\/\/nutridream.eu\/en\/#\/schema\/logo\/image\/\"},\"sameAs\":[\"https:\/\/www.facebook.com\/NutriDream\"]}]}<\/script>\n<!-- \/ Yoast SEO plugin. -->","yoast_head_json":{"title":"Turmeric and Black Pepper Capsules - NutriDream","description":"Tugevda oma immuuns\u00fcsteemi vastupanuv\u00f5imet. Toeta n\u00e4rvis\u00fcsteemi ja vereringlust ning soodusta maksatalitlust. Toode sobib veganitele.","robots":{"index":"index","follow":"follow","max-snippet":"max-snippet:-1","max-image-preview":"max-image-preview:large","max-video-preview":"max-video-preview:-1"},"canonical":"https:\/\/nutridream.eu\/en\/toode\/turmeric-and-black-pepper-capsules\/","og_locale":"en_US","og_type":"article","og_title":"Turmeric and Black Pepper Capsules - NutriDream","og_description":"Tugevda oma immuuns\u00fcsteemi vastupanuv\u00f5imet. Toeta n\u00e4rvis\u00fcsteemi ja vereringlust ning soodusta maksatalitlust. Toode sobib veganitele.","og_url":"https:\/\/nutridream.eu\/en\/toode\/turmeric-and-black-pepper-capsules\/","og_site_name":"NutriDream","article_publisher":"https:\/\/www.facebook.com\/NutriDream","article_modified_time":"2025-06-12T02:16:28+00:00","og_image":[{"width":1600,"height":1600,"url":"https:\/\/nutridream.eu\/wp-content\/uploads\/2020\/10\/Be-More-Kurkum.png","type":"image\/png"}],"twitter_card":"summary_large_image","schema":{"@context":"https:\/\/schema.org","@graph":[{"@type":"WebPage","@id":"https:\/\/nutridream.eu\/en\/toode\/turmeric-and-black-pepper-capsules\/","url":"https:\/\/nutridream.eu\/en\/toode\/turmeric-and-black-pepper-capsules\/","name":"Turmeric and Black Pepper Capsules - NutriDream","isPartOf":{"@id":"https:\/\/nutridream.eu\/en\/#website"},"primaryImageOfPage":{"@id":"https:\/\/nutridream.eu\/en\/toode\/turmeric-and-black-pepper-capsules\/#primaryimage"},"image":{"@id":"https:\/\/nutridream.eu\/en\/toode\/turmeric-and-black-pepper-capsules\/#primaryimage"},"thumbnailUrl":"https:\/\/nutridream.eu\/wp-content\/uploads\/2020\/10\/Be-More-Kurkum.png","datePublished":"2020-10-07T17:41:57+00:00","dateModified":"2025-06-12T02:16:28+00:00","description":"Tugevda oma immuuns\u00fcsteemi vastupanuv\u00f5imet. Toeta n\u00e4rvis\u00fcsteemi ja vereringlust ning soodusta maksatalitlust. Toode sobib veganitele.","breadcrumb":{"@id":"https:\/\/nutridream.eu\/en\/toode\/turmeric-and-black-pepper-capsules\/#breadcrumb"},"inLanguage":"en-US","potentialAction":[{"@type":"ReadAction","target":["https:\/\/nutridream.eu\/en\/toode\/turmeric-and-black-pepper-capsules\/"]}]},{"@type":"ImageObject","inLanguage":"en-US","@id":"https:\/\/nutridream.eu\/en\/toode\/turmeric-and-black-pepper-capsules\/#primaryimage","url":"https:\/\/nutridream.eu\/wp-content\/uploads\/2020\/10\/Be-More-Kurkum.png","contentUrl":"https:\/\/nutridream.eu\/wp-content\/uploads\/2020\/10\/Be-More-Kurkum.png","width":1600,"height":1600},{"@type":"BreadcrumbList","@id":"https:\/\/nutridream.eu\/en\/toode\/turmeric-and-black-pepper-capsules\/#breadcrumb","itemListElement":[{"@type":"ListItem","position":1,"name":"Home","item":"https:\/\/nutridream.eu\/en\/"},{"@type":"ListItem","position":2,"name":"Products","item":"https:\/\/nutridream.eu\/en\/shop\/"},{"@type":"ListItem","position":3,"name":"Turmeric and Black Pepper Capsules"}]},{"@type":"WebSite","@id":"https:\/\/nutridream.eu\/en\/#website","url":"https:\/\/nutridream.eu\/en\/","name":"NutriDream","description":"","publisher":{"@id":"https:\/\/nutridream.eu\/en\/#organization"},"potentialAction":[{"@type":"SearchAction","target":{"@type":"EntryPoint","urlTemplate":"https:\/\/nutridream.eu\/en\/?s={search_term_string}"},"query-input":{"@type":"PropertyValueSpecification","valueRequired":true,"valueName":"search_term_string"}}],"inLanguage":"en-US"},{"@type":"Organization","@id":"https:\/\/nutridream.eu\/en\/#organization","name":"Nutridream O\u00dc","url":"https:\/\/nutridream.eu\/en\/","logo":{"@type":"ImageObject","inLanguage":"en-US","@id":"https:\/\/nutridream.eu\/en\/#\/schema\/logo\/image\/","url":"https:\/\/nutridream.eu\/wp-content\/uploads\/2020\/08\/nutridreamlogo.png","contentUrl":"https:\/\/nutridream.eu\/wp-content\/uploads\/2020\/08\/nutridreamlogo.png","width":1224,"height":797,"caption":"Nutridream O\u00dc"},"image":{"@id":"https:\/\/nutridream.eu\/en\/#\/schema\/logo\/image\/"},"sameAs":["https:\/\/www.facebook.com\/NutriDream"]}]}},"_links":{"self":[{"href":"https:\/\/nutridream.eu\/en\/wp-json\/wp\/v2\/product\/11827","targetHints":{"allow":["GET"]}}],"collection":[{"href":"https:\/\/nutridream.eu\/en\/wp-json\/wp\/v2\/product"}],"about":[{"href":"https:\/\/nutridream.eu\/en\/wp-json\/wp\/v2\/types\/product"}],"replies":[{"embeddable":true,"href":"https:\/\/nutridream.eu\/en\/wp-json\/wp\/v2\/comments?post=11827"}],"wp:featuredmedia":[{"embeddable":true,"href":"https:\/\/nutridream.eu\/en\/wp-json\/wp\/v2\/media\/11230"}],"wp:attachment":[{"href":"https:\/\/nutridream.eu\/en\/wp-json\/wp\/v2\/media?parent=11827"}],"wp:term":[{"taxonomy":"product_brand","embeddable":true,"href":"https:\/\/nutridream.eu\/en\/wp-json\/wp\/v2\/product_brand?post=11827"},{"taxonomy":"product_cat","embeddable":true,"href":"https:\/\/nutridream.eu\/en\/wp-json\/wp\/v2\/product_cat?post=11827"},{"taxonomy":"product_tag","embeddable":true,"href":"https:\/\/nutridream.eu\/en\/wp-json\/wp\/v2\/product_tag?post=11827"}],"curies":[{"name":"wp","href":"https:\/\/api.w.org\/{rel}","templated":true}]}}