{"id":11811,"date":"2020-08-14T11:43:07","date_gmt":"2020-08-14T09:43:07","guid":{"rendered":"https:\/\/nutridream.eu\/joint-formula\/"},"modified":"2025-10-22T12:47:00","modified_gmt":"2025-10-22T10:47:00","slug":"joint-formula","status":"publish","type":"product","link":"https:\/\/nutridream.eu\/en\/toode\/joint-formula\/","title":{"rendered":"Joint Formula"},"content":{"rendered":"<ul>\n<li class=\"li1\">Contains glucosamine, chondroitin, methylsulfonylmethane, collagen, ginger extract and bitter orange bioflavonoid complex.<\/li>\n<li class=\"li2\">Includes 60 tablets (lasts for 2 months)<\/li>\n<\/ul>\n","protected":false},"excerpt":{"rendered":"<ul>\n<li class=\"li1\">Contains glucosamine, chondroitin, methylsulfonylmethane, collagen, ginger extract and bitter orange bioflavonoid complex.<\/li>\n<li class=\"li2\">Includes 60 tablets (lasts for 2 months)<\/li>\n<\/ul>\n","protected":false},"featured_media":12730,"comment_status":"open","ping_status":"closed","template":"","meta":{"_acf_changed":false,"_monsterinsights_skip_tracking":false,"_monsterinsights_sitenote_active":false,"_monsterinsights_sitenote_note":"","_monsterinsights_sitenote_category":0},"product_brand":[],"product_cat":[155,158],"product_tag":[171],"class_list":{"0":"post-11811","1":"product","2":"type-product","3":"status-publish","4":"has-post-thumbnail","6":"product_cat-toidulisandid-en","7":"product_cat-liigesed-en","8":"product_tag-nutridream-en","10":"first","11":"instock","12":"taxable","13":"shipping-taxable","14":"purchasable","15":"product-type-simple"},"bundled_by":["11871","11846"],"bundle_stock_status":"instock","bundle_stock_quantity":null,"bundle_virtual":false,"bundle_layout":"","bundle_add_to_cart_form_location":"","bundle_editable_in_cart":false,"bundle_sold_individually_context":"","bundle_item_grouping":"","bundle_min_size":"","bundle_max_size":"","bundle_price":[],"bundled_items":[],"bundle_sell_ids":[],"acf":[],"yoast_head":"<!-- This site is optimized with the Yoast SEO plugin v27.2 - https:\/\/yoast.com\/product\/yoast-seo-wordpress\/ -->\n<title>Joint Formula - NutriDream<\/title>\n<meta name=\"description\" content=\"Parim Toidulisand liigestele! Aitab s\u00e4ilitada liigeste liikuvust ning aitab v\u00e4ltida liigeste hommikustj\u00e4ikust, suurendab energiat ning on kasulik v\u00e4simuse korral.\" \/>\n<meta name=\"robots\" content=\"index, follow, max-snippet:-1, max-image-preview:large, max-video-preview:-1\" \/>\n<link rel=\"canonical\" href=\"https:\/\/nutridream.eu\/en\/toode\/joint-formula\/\" \/>\n<meta property=\"og:locale\" content=\"en_US\" \/>\n<meta property=\"og:type\" content=\"article\" \/>\n<meta property=\"og:title\" content=\"Joint Formula - NutriDream\" \/>\n<meta property=\"og:description\" content=\"Parim Toidulisand liigestele! Aitab s\u00e4ilitada liigeste liikuvust ning aitab v\u00e4ltida liigeste hommikustj\u00e4ikust, suurendab energiat ning on kasulik v\u00e4simuse korral.\" \/>\n<meta property=\"og:url\" content=\"https:\/\/nutridream.eu\/en\/toode\/joint-formula\/\" \/>\n<meta property=\"og:site_name\" content=\"NutriDream\" \/>\n<meta property=\"article:publisher\" content=\"https:\/\/www.facebook.com\/NutriDream\" \/>\n<meta property=\"article:modified_time\" content=\"2025-10-22T10:47:00+00:00\" \/>\n<meta property=\"og:image\" content=\"https:\/\/nutridream.eu\/wp-content\/uploads\/2021\/05\/nutridream_joint-formula_mockup_taustata.png\" \/>\n\t<meta property=\"og:image:width\" content=\"2500\" \/>\n\t<meta property=\"og:image:height\" content=\"2500\" \/>\n\t<meta property=\"og:image:type\" content=\"image\/png\" \/>\n<meta name=\"twitter:card\" content=\"summary_large_image\" \/>\n<meta name=\"twitter:label1\" content=\"Est. reading time\" \/>\n\t<meta name=\"twitter:data1\" content=\"1 minute\" \/>\n<script type=\"application\/ld+json\" class=\"yoast-schema-graph\">{\"@context\":\"https:\/\/schema.org\",\"@graph\":[{\"@type\":\"WebPage\",\"@id\":\"https:\/\/nutridream.eu\/en\/toode\/joint-formula\/\",\"url\":\"https:\/\/nutridream.eu\/en\/toode\/joint-formula\/\",\"name\":\"Joint Formula - NutriDream\",\"isPartOf\":{\"@id\":\"https:\/\/nutridream.eu\/en\/#website\"},\"primaryImageOfPage\":{\"@id\":\"https:\/\/nutridream.eu\/en\/toode\/joint-formula\/#primaryimage\"},\"image\":{\"@id\":\"https:\/\/nutridream.eu\/en\/toode\/joint-formula\/#primaryimage\"},\"thumbnailUrl\":\"https:\/\/nutridream.eu\/wp-content\/uploads\/2021\/05\/nutridream_joint-formula_mockup_taustata.png\",\"datePublished\":\"2020-08-14T09:43:07+00:00\",\"dateModified\":\"2025-10-22T10:47:00+00:00\",\"description\":\"Parim Toidulisand liigestele! Aitab s\u00e4ilitada liigeste liikuvust ning aitab v\u00e4ltida liigeste hommikustj\u00e4ikust, suurendab energiat ning on kasulik v\u00e4simuse korral.\",\"breadcrumb\":{\"@id\":\"https:\/\/nutridream.eu\/en\/toode\/joint-formula\/#breadcrumb\"},\"inLanguage\":\"en-US\",\"potentialAction\":[{\"@type\":\"ReadAction\",\"target\":[\"https:\/\/nutridream.eu\/en\/toode\/joint-formula\/\"]}]},{\"@type\":\"ImageObject\",\"inLanguage\":\"en-US\",\"@id\":\"https:\/\/nutridream.eu\/en\/toode\/joint-formula\/#primaryimage\",\"url\":\"https:\/\/nutridream.eu\/wp-content\/uploads\/2021\/05\/nutridream_joint-formula_mockup_taustata.png\",\"contentUrl\":\"https:\/\/nutridream.eu\/wp-content\/uploads\/2021\/05\/nutridream_joint-formula_mockup_taustata.png\",\"width\":2500,\"height\":2500},{\"@type\":\"BreadcrumbList\",\"@id\":\"https:\/\/nutridream.eu\/en\/toode\/joint-formula\/#breadcrumb\",\"itemListElement\":[{\"@type\":\"ListItem\",\"position\":1,\"name\":\"Home\",\"item\":\"https:\/\/nutridream.eu\/en\/\"},{\"@type\":\"ListItem\",\"position\":2,\"name\":\"Products\",\"item\":\"https:\/\/nutridream.eu\/en\/shop\/\"},{\"@type\":\"ListItem\",\"position\":3,\"name\":\"Joint Formula\"}]},{\"@type\":\"WebSite\",\"@id\":\"https:\/\/nutridream.eu\/en\/#website\",\"url\":\"https:\/\/nutridream.eu\/en\/\",\"name\":\"NutriDream\",\"description\":\"\",\"publisher\":{\"@id\":\"https:\/\/nutridream.eu\/en\/#organization\"},\"potentialAction\":[{\"@type\":\"SearchAction\",\"target\":{\"@type\":\"EntryPoint\",\"urlTemplate\":\"https:\/\/nutridream.eu\/en\/?s={search_term_string}\"},\"query-input\":{\"@type\":\"PropertyValueSpecification\",\"valueRequired\":true,\"valueName\":\"search_term_string\"}}],\"inLanguage\":\"en-US\"},{\"@type\":\"Organization\",\"@id\":\"https:\/\/nutridream.eu\/en\/#organization\",\"name\":\"Nutridream O\u00dc\",\"url\":\"https:\/\/nutridream.eu\/en\/\",\"logo\":{\"@type\":\"ImageObject\",\"inLanguage\":\"en-US\",\"@id\":\"https:\/\/nutridream.eu\/en\/#\/schema\/logo\/image\/\",\"url\":\"https:\/\/nutridream.eu\/wp-content\/uploads\/2020\/08\/nutridreamlogo.png\",\"contentUrl\":\"https:\/\/nutridream.eu\/wp-content\/uploads\/2020\/08\/nutridreamlogo.png\",\"width\":1224,\"height\":797,\"caption\":\"Nutridream O\u00dc\"},\"image\":{\"@id\":\"https:\/\/nutridream.eu\/en\/#\/schema\/logo\/image\/\"},\"sameAs\":[\"https:\/\/www.facebook.com\/NutriDream\"]}]}<\/script>\n<!-- \/ Yoast SEO plugin. -->","yoast_head_json":{"title":"Joint Formula - NutriDream","description":"Parim Toidulisand liigestele! Aitab s\u00e4ilitada liigeste liikuvust ning aitab v\u00e4ltida liigeste hommikustj\u00e4ikust, suurendab energiat ning on kasulik v\u00e4simuse korral.","robots":{"index":"index","follow":"follow","max-snippet":"max-snippet:-1","max-image-preview":"max-image-preview:large","max-video-preview":"max-video-preview:-1"},"canonical":"https:\/\/nutridream.eu\/en\/toode\/joint-formula\/","og_locale":"en_US","og_type":"article","og_title":"Joint Formula - NutriDream","og_description":"Parim Toidulisand liigestele! Aitab s\u00e4ilitada liigeste liikuvust ning aitab v\u00e4ltida liigeste hommikustj\u00e4ikust, suurendab energiat ning on kasulik v\u00e4simuse korral.","og_url":"https:\/\/nutridream.eu\/en\/toode\/joint-formula\/","og_site_name":"NutriDream","article_publisher":"https:\/\/www.facebook.com\/NutriDream","article_modified_time":"2025-10-22T10:47:00+00:00","og_image":[{"width":2500,"height":2500,"url":"https:\/\/nutridream.eu\/wp-content\/uploads\/2021\/05\/nutridream_joint-formula_mockup_taustata.png","type":"image\/png"}],"twitter_card":"summary_large_image","twitter_misc":{"Est. reading time":"1 minute"},"schema":{"@context":"https:\/\/schema.org","@graph":[{"@type":"WebPage","@id":"https:\/\/nutridream.eu\/en\/toode\/joint-formula\/","url":"https:\/\/nutridream.eu\/en\/toode\/joint-formula\/","name":"Joint Formula - NutriDream","isPartOf":{"@id":"https:\/\/nutridream.eu\/en\/#website"},"primaryImageOfPage":{"@id":"https:\/\/nutridream.eu\/en\/toode\/joint-formula\/#primaryimage"},"image":{"@id":"https:\/\/nutridream.eu\/en\/toode\/joint-formula\/#primaryimage"},"thumbnailUrl":"https:\/\/nutridream.eu\/wp-content\/uploads\/2021\/05\/nutridream_joint-formula_mockup_taustata.png","datePublished":"2020-08-14T09:43:07+00:00","dateModified":"2025-10-22T10:47:00+00:00","description":"Parim Toidulisand liigestele! Aitab s\u00e4ilitada liigeste liikuvust ning aitab v\u00e4ltida liigeste hommikustj\u00e4ikust, suurendab energiat ning on kasulik v\u00e4simuse korral.","breadcrumb":{"@id":"https:\/\/nutridream.eu\/en\/toode\/joint-formula\/#breadcrumb"},"inLanguage":"en-US","potentialAction":[{"@type":"ReadAction","target":["https:\/\/nutridream.eu\/en\/toode\/joint-formula\/"]}]},{"@type":"ImageObject","inLanguage":"en-US","@id":"https:\/\/nutridream.eu\/en\/toode\/joint-formula\/#primaryimage","url":"https:\/\/nutridream.eu\/wp-content\/uploads\/2021\/05\/nutridream_joint-formula_mockup_taustata.png","contentUrl":"https:\/\/nutridream.eu\/wp-content\/uploads\/2021\/05\/nutridream_joint-formula_mockup_taustata.png","width":2500,"height":2500},{"@type":"BreadcrumbList","@id":"https:\/\/nutridream.eu\/en\/toode\/joint-formula\/#breadcrumb","itemListElement":[{"@type":"ListItem","position":1,"name":"Home","item":"https:\/\/nutridream.eu\/en\/"},{"@type":"ListItem","position":2,"name":"Products","item":"https:\/\/nutridream.eu\/en\/shop\/"},{"@type":"ListItem","position":3,"name":"Joint Formula"}]},{"@type":"WebSite","@id":"https:\/\/nutridream.eu\/en\/#website","url":"https:\/\/nutridream.eu\/en\/","name":"NutriDream","description":"","publisher":{"@id":"https:\/\/nutridream.eu\/en\/#organization"},"potentialAction":[{"@type":"SearchAction","target":{"@type":"EntryPoint","urlTemplate":"https:\/\/nutridream.eu\/en\/?s={search_term_string}"},"query-input":{"@type":"PropertyValueSpecification","valueRequired":true,"valueName":"search_term_string"}}],"inLanguage":"en-US"},{"@type":"Organization","@id":"https:\/\/nutridream.eu\/en\/#organization","name":"Nutridream O\u00dc","url":"https:\/\/nutridream.eu\/en\/","logo":{"@type":"ImageObject","inLanguage":"en-US","@id":"https:\/\/nutridream.eu\/en\/#\/schema\/logo\/image\/","url":"https:\/\/nutridream.eu\/wp-content\/uploads\/2020\/08\/nutridreamlogo.png","contentUrl":"https:\/\/nutridream.eu\/wp-content\/uploads\/2020\/08\/nutridreamlogo.png","width":1224,"height":797,"caption":"Nutridream O\u00dc"},"image":{"@id":"https:\/\/nutridream.eu\/en\/#\/schema\/logo\/image\/"},"sameAs":["https:\/\/www.facebook.com\/NutriDream"]}]}},"_links":{"self":[{"href":"https:\/\/nutridream.eu\/en\/wp-json\/wp\/v2\/product\/11811","targetHints":{"allow":["GET"]}}],"collection":[{"href":"https:\/\/nutridream.eu\/en\/wp-json\/wp\/v2\/product"}],"about":[{"href":"https:\/\/nutridream.eu\/en\/wp-json\/wp\/v2\/types\/product"}],"replies":[{"embeddable":true,"href":"https:\/\/nutridream.eu\/en\/wp-json\/wp\/v2\/comments?post=11811"}],"wp:featuredmedia":[{"embeddable":true,"href":"https:\/\/nutridream.eu\/en\/wp-json\/wp\/v2\/media\/12730"}],"wp:attachment":[{"href":"https:\/\/nutridream.eu\/en\/wp-json\/wp\/v2\/media?parent=11811"}],"wp:term":[{"taxonomy":"product_brand","embeddable":true,"href":"https:\/\/nutridream.eu\/en\/wp-json\/wp\/v2\/product_brand?post=11811"},{"taxonomy":"product_cat","embeddable":true,"href":"https:\/\/nutridream.eu\/en\/wp-json\/wp\/v2\/product_cat?post=11811"},{"taxonomy":"product_tag","embeddable":true,"href":"https:\/\/nutridream.eu\/en\/wp-json\/wp\/v2\/product_tag?post=11811"}],"curies":[{"name":"wp","href":"https:\/\/api.w.org\/{rel}","templated":true}]}}